{"id":58,"date":"2011-10-19T12:50:23","date_gmt":"2011-10-19T12:50:23","guid":{"rendered":"http:\/\/blog.vfl-grafenwald.de\/?page_id=58"},"modified":"2025-10-16T17:13:43","modified_gmt":"2025-10-16T15:13:43","slug":"geschichte","status":"publish","type":"page","link":"https:\/\/www.vfl-grafenwald.de\/?page_id=58","title":{"rendered":"Geschichte"},"content":{"rendered":"<p align=\"left\">Gegr\u00fcndet wurde der VfL im Jahre 1928. Nach der Aufl\u00f6sung des Vereins durch die NS-Beh\u00f6rden im Jahre 1934 wurde der Verein am 31.05.1968 von 37 Personen neu gegr\u00fcndet.<\/p>\n<p align=\"left\">\u00b7 1972 Einweihung des Ascheplatzes Fu\u00dfball<\/p>\n<p align=\"left\">\u00b7 1973 Gr\u00fcndung Indiacaabteilung<\/p>\n<p align=\"left\">\u00b7 1974 Gr\u00fcndung Tennisabteilung (Beginn mit 3 Pl\u00e4tzen, heute 8 Pl\u00e4tze)<\/p>\n<p align=\"left\">\u00b7 1978 Gr\u00fcndung Gymnastikabteilung<\/p>\n<p align=\"left\">\u00b7 1980 Fertigstellung des Tennisclubhauses<\/p>\n<p align=\"left\">\u00b7 1986 Fertigstellung Rasenplatz Fu\u00dfballabteilung<\/p>\n<p align=\"left\">\u00b7 1991 Bau des Jugend- und Vereinsheims<\/p>\n<p align=\"left\">\u00b7 1999 Gr\u00fcndung der Einradabteilung<\/p>\n<p align=\"left\">\u00b7 1999 Gr\u00fcndung der Kampfsportabteilung<\/p>\n<p align=\"justify\">Leistungs- und Breitensport haben im VfL Grafenwald e.V. eine gleichberechtigte Koexistenz. Besonderer Wert wird auf eine qualifizierte F\u00f6rderung der Jugend gelegt. Das Jugendheim der Fu\u00dfballabteilung und das Klubhaus der Tennisabteilung, jeweils voll bewirtschaftet und landschaftlich am Waldrand gelegen, bieten allen Vereinsmitgliedern, ihren Familienangeh\u00f6rigen und Freunden das ganze Jahr \u00fcber eine gastliche St\u00e4tte und laden zum Verweilen ein.<\/p>\n<p align=\"justify\"><strong>Breitensport<\/strong><\/p>\n<p align=\"justify\">Der Breitensport hat nach 1968 mit den Gr\u00fcndungen der Indiaca-Abteilung 1973 und der Gymnastikabteilung 1978 einen starken Aufschwung verzeichnet. Heute sind im Breitensportbereich neben der klassischen Gymnastik mit den unterschiedlichsten Varianten und dem Turnen auch Sportarten wie Aerobic, Radfahren und \u201eNordic Walking\u201c beheimatet. Meditative Entspannungs\u00fcbungen mit verschiedenen Elementen, Sitzgymnastik sowie Fitnesstraining, Ger\u00e4tturnen und Vorbereitungsangebote zur Absolvierung des Deutsche Sportabzeichen runden das Angebot ab.<\/p>\n<p align=\"justify\"><strong>Einrad<\/strong><\/p>\n<p align=\"justify\">Die Einrad-Abteilung, 1994 gegr\u00fcndet, ist eine Trendsportart und geh\u00f6rt mit zu den erfolgreichsten Vereinen auf Bundesebene. In ihren Reihen sind Deutsche Meister und Weltmeister zu finden. Die Ausrichtung des 3. Deutschland-Cup im Jahre 2002 war sehr erfolgreich und fand bei den Aktiven sowie den zahlreichen Zuschauern positive Zustimmung. Die Mitgliederentwicklung verl\u00e4uft \u00e4u\u00dferst positiv, vor allem Kinder und Jugendliche z\u00e4hlen zu der gr\u00f6\u00dften Gruppe. Zu den bisherigen H\u00f6hepunkten z\u00e4hlt die Teilnahme an den Weltmeisterschaften 2002 in den USA. Eine Teilnahme an den Weltmeisterschaften 2004 in Tokio wird derzeit vorbereitet.<\/p>\n<p align=\"justify\"><strong>Fu\u00dfball<\/strong><\/p>\n<p align=\"justify\">Diese Abteilung ist der Gr\u00fcndungsvater des VfL Grafenwald e.V.. Fu\u00dfballbegeisterte aus dem Ortsteil Grafenwald der eigenst\u00e4ndigen Gemeinde Kirchhellen, damals wie heute \u201eW\u00f6ller\u201c genannt, haben 1928 und 1968 den Verein aus der Taufe gehoben. Die zahlreichen Erfolge dieser Abteilung in den vergangenen Jahrzehnten im Jugend- und Seniorenbereich lassen sich sehen, Landesliga und Pokalhauptrunde sind die Highlights. Aktuell befindet sich die 1. Mannschaft im Neuaufbau in der Kreisklasse A. Der 1972 gegr\u00fcndete Ascheplatz und das 1986 fertiggestellte Waldstadion mit Rasenplatz sowie das Jugend- und Vereinsheim bilden eine wundersch\u00f6ne Sportanlage.<\/p>\n<p align=\"justify\"><strong>Kampfsport<\/strong><\/p>\n<p align=\"justify\">Die j\u00fcngste Abteilung, 1999 gegr\u00fcndet, ist die kleinste unter den 5 Abteilungen des VfL. Sie befindet sich im Aufbau und m\u00f6chte sehr gerne weitere Interessenten f\u00fcr die waffenlose Selbstverteidigung gewinnen. Die Inhalte des Tae Kwon Do Trainings befassen sich gleicherma\u00dfen mit der physischen und der psychischen Entwicklung. Neben den Schlag- und Tritt\u00fcbungen, Formenlauf, Selbstverteidigung und dem Bruchtest, geh\u00f6rt auch das Meditations- und Konzentrationstraining zum harmonischen Ablauf einer Trainingseinheit. Der Kampfsport ist geeignet f\u00fcr Jung und Alt, Anf\u00e4nger und Fortgeschrittene. Neben Hap Ki Do und Hosinsul steht neuerdings auch der Kampf mit dem Schwert auf dem vielseitigen Programm.<\/p>\n<p align=\"justify\"><strong>Tennis<\/strong><\/p>\n<p align=\"justify\">1974 gegr\u00fcndet, entwickelte sie sich st\u00e4ndig weiter. \u00dcber die Gr\u00fcndungphase mit drei Aschepl\u00e4tzen und einem Trainingsplatz und Umkleider\u00e4ume im Eisenbahnwaggon hinaus, z\u00e4hlt sie heute mit 8 Aschepl\u00e4tzen und bewirtschaftetem Klubhaus zu einer der gr\u00f6\u00dften und sch\u00f6nsten Tennis-Sportanlagen in Bottrop. Bereits zweimal konnten die Bottroper Tennis-Stadtmeisterschaften ausgerichtet werden. Mehrfache Stadtmeister im Jugend- und Erwachsenenbereich kamen aus den Reihen ihrer Mitglieder.<\/p>\n","protected":false},"excerpt":{"rendered":"<p>Gegr\u00fcndet wurde der VfL im Jahre 1928. Nach der Aufl\u00f6sung des Vereins durch die NS-Beh\u00f6rden im Jahre 1934 wurde der Verein am 31.05.1968 von 37 Personen neu gegr\u00fcndet. \u00b7 1972 Einweihung des Ascheplatzes Fu\u00dfball \u00b7 1973 Gr\u00fcndung Indiacaabteilung \u00b7 1974 &hellip; <a href=\"https:\/\/www.vfl-grafenwald.de\/?page_id=58\">Weiterlesen <span class=\"meta-nav\">&rarr;<\/span><\/a><\/p>\n","protected":false},"author":1,"featured_media":0,"parent":5,"menu_order":0,"comment_status":"closed","ping_status":"open","template":"","meta":{"footnotes":""},"class_list":["post-58","page","type-page","status-publish","hentry"],"_links":{"self":[{"href":"https:\/\/www.vfl-grafenwald.de\/index.php?rest_route=\/wp\/v2\/pages\/58","targetHints":{"allow":["GET"]}}],"collection":[{"href":"https:\/\/www.vfl-grafenwald.de\/index.php?rest_route=\/wp\/v2\/pages"}],"about":[{"href":"https:\/\/www.vfl-grafenwald.de\/index.php?rest_route=\/wp\/v2\/types\/page"}],"author":[{"embeddable":true,"href":"https:\/\/www.vfl-grafenwald.de\/index.php?rest_route=\/wp\/v2\/users\/1"}],"replies":[{"embeddable":true,"href":"https:\/\/www.vfl-grafenwald.de\/index.php?rest_route=%2Fwp%2Fv2%2Fcomments&post=58"}],"version-history":[{"count":4,"href":"https:\/\/www.vfl-grafenwald.de\/index.php?rest_route=\/wp\/v2\/pages\/58\/revisions"}],"predecessor-version":[{"id":3433,"href":"https:\/\/www.vfl-grafenwald.de\/index.php?rest_route=\/wp\/v2\/pages\/58\/revisions\/3433"}],"up":[{"embeddable":true,"href":"https:\/\/www.vfl-grafenwald.de\/index.php?rest_route=\/wp\/v2\/pages\/5"}],"wp:attachment":[{"href":"https:\/\/www.vfl-grafenwald.de\/index.php?rest_route=%2Fwp%2Fv2%2Fmedia&parent=58"}],"curies":[{"name":"wp","href":"https:\/\/api.w.org\/{rel}","templated":true}]}}