{"id":44,"date":"2011-10-19T10:34:53","date_gmt":"2011-10-19T10:34:53","guid":{"rendered":"http:\/\/blog.vfl-grafenwald.de\/?page_id=44"},"modified":"2020-02-17T18:26:38","modified_gmt":"2020-02-17T17:26:38","slug":"training","status":"publish","type":"page","link":"https:\/\/www.vfl-grafenwald.de\/?page_id=44","title":{"rendered":"Trainingszeiten"},"content":{"rendered":"<p><strong>Montags: (in der Turnhalle Grafenwald)<\/strong><br \/>\n20:15Uhr &#8211; 22:00Uhr <strong>Junan Taiso (Dehn\u00fcbungen) in <\/strong><a title=\"Taekwondo in Grafenwald\" href=\"http:\/\/www.grafenwald.de\/\"><strong><u><span style=\"color: #0066cc;\">Grafenwald<\/span><\/u><\/strong><\/a> <strong><br \/>\n<\/strong>20:15Uhr &#8211; 22:00Uhr <strong>Meditation und Atem\u00fcbungen in <\/strong><a title=\"Bujinkan in Grafenwald\" href=\"http:\/\/www.grafenwald.de\/\"><strong><span style=\"color: #0066cc;\"><u>Grafenwald<\/u><\/span><\/strong><\/a><br \/>\n<iframe loading=\"lazy\" src=\"https:\/\/maps.google.de\/maps?f=q&amp;source=s_q&amp;hl=de&amp;geocode=&amp;q=Schneiderstra%C3%9Fe+108,+Bottrop&amp;aq=&amp;sll=51.575113,6.897129&amp;sspn=0.002086,0.004128&amp;t=h&amp;ie=UTF8&amp;hq=&amp;hnear=Schneiderstra%C3%9Fe+108&amp;ll=51.575,6.897758&amp;spn=0.001043,0.002064&amp;z=14&amp;iwloc=A&amp;output=embed\" width=\"425\" height=\"350\" frameborder=\"0\" marginwidth=\"0\" marginheight=\"0\" scrolling=\"no\"><\/iframe><br \/>\n<small><a style=\"text-align: left; color: #0000ff;\" href=\"https:\/\/maps.google.de\/maps?f=q&amp;source=embed&amp;hl=de&amp;geocode=&amp;q=Schneiderstra%C3%9Fe+108,+Bottrop&amp;aq=&amp;sll=51.575113,6.897129&amp;sspn=0.002086,0.004128&amp;t=h&amp;ie=UTF8&amp;hq=&amp;hnear=Schneiderstra%C3%9Fe+108&amp;ll=51.575,6.897758&amp;spn=0.001043,0.002064&amp;z=14&amp;iwloc=A\"><u><span style=\"font-size: small;\">Gr\u00f6\u00dfere Kartenansicht<\/span><\/u><\/a><\/small><\/p>\n<p><strong>Freitags: (in der Sporthalle der Berufsschule Bottrop)<\/strong><br \/>\n18:00Uhr &#8211; 20:00Uhr\u00a0<strong>Taekwondo in <\/strong><a title=\"Taekwondo in Bottrop\" href=\"http:\/\/www.bottrop.de\/\"><strong>Bottrop<\/strong><\/a><br \/>\n18:00Uhr &#8211; 20:00Uhr\u00a0<strong>Bujinkan Budo Taijutsu\u00a0in <\/strong><a title=\"Bujinkan in Bottrop\" href=\"http:\/\/www.bottrop.de\/\"><strong>Bottrop<\/strong><\/a><strong><br \/>\n<iframe loading=\"lazy\" src=\"https:\/\/maps.google.de\/maps?f=q&amp;source=s_q&amp;hl=de&amp;geocode=&amp;q=gladbecker+str.+81,+bottrop&amp;aq=&amp;sll=51.427085,7.663989&amp;sspn=6.063545,16.907959&amp;t=h&amp;ie=UTF8&amp;hq=&amp;hnear=Gladbecker+Stra%C3%9Fe+81,+Stadtmitte+46236+Bottrop,+M%C3%BCnster,+Nordrhein-Westfalen&amp;z=14&amp;ll=51.52879,6.92887&amp;output=embed\" width=\"425\" height=\"350\" frameborder=\"0\" marginwidth=\"0\" marginheight=\"0\" scrolling=\"no\"><\/iframe><br \/>\n<small><a style=\"text-align: left; color: #0000ff;\" href=\"https:\/\/maps.google.de\/maps?f=q&amp;source=embed&amp;hl=de&amp;geocode=&amp;q=gladbecker+str.+81,+bottrop&amp;aq=&amp;sll=51.427085,7.663989&amp;sspn=6.063545,16.907959&amp;t=h&amp;ie=UTF8&amp;hq=&amp;hnear=Gladbecker+Stra%C3%9Fe+81,+Stadtmitte+46236+Bottrop,+M%C3%BCnster,+Nordrhein-Westfalen&amp;z=14&amp;ll=51.52879,6.92887\">Gr\u00f6\u00dfere Kartenansicht<\/a><\/small><\/strong><\/p>\n<p><strong>Samstags: (in der Turnhalle Grafenwald)<\/strong><br \/>\n14:00Uhr &#8211; 16:00Uhr\u00a0<strong>Taekwondo in <\/strong><a title=\"Taekwondo in Grafenwald\" href=\"http:\/\/www.grafenwald.de\/\"><strong>Grafenwald<\/strong><\/a> <strong><br \/>\n<\/strong>16:00Uhr &#8211; 18:00Uhr\u00a0<strong>Bujinkan Budo Taijutsu\u00a0in <\/strong><a title=\"Bujinkan in Grafenwald\" href=\"http:\/\/www.grafenwald.de\/\"><strong>Grafenwald<\/strong><\/a><br \/>\n<iframe loading=\"lazy\" src=\"https:\/\/maps.google.de\/maps?f=q&amp;source=s_q&amp;hl=de&amp;geocode=&amp;q=Schneiderstra%C3%9Fe+108,+Bottrop&amp;aq=&amp;sll=51.575113,6.897129&amp;sspn=0.002086,0.004128&amp;t=h&amp;ie=UTF8&amp;hq=&amp;hnear=Schneiderstra%C3%9Fe+108&amp;ll=51.575,6.897758&amp;spn=0.001043,0.002064&amp;z=14&amp;iwloc=A&amp;output=embed\" width=\"425\" height=\"350\" frameborder=\"0\" marginwidth=\"0\" marginheight=\"0\" scrolling=\"no\"><\/iframe><br \/>\n<small><a style=\"text-align: left; color: #0000ff;\" href=\"https:\/\/maps.google.de\/maps?f=q&amp;source=embed&amp;hl=de&amp;geocode=&amp;q=Schneiderstra%C3%9Fe+108,+Bottrop&amp;aq=&amp;sll=51.575113,6.897129&amp;sspn=0.002086,0.004128&amp;t=h&amp;ie=UTF8&amp;hq=&amp;hnear=Schneiderstra%C3%9Fe+108&amp;ll=51.575,6.897758&amp;spn=0.001043,0.002064&amp;z=14&amp;iwloc=A\">Gr\u00f6\u00dfere Kartenansicht<\/a><\/small><\/p>\n","protected":false},"excerpt":{"rendered":"<p>Montags: (in der Turnhalle Grafenwald) 20:15Uhr &#8211; 22:00Uhr Junan Taiso (Dehn\u00fcbungen) in Grafenwald 20:15Uhr &#8211; 22:00Uhr Meditation und Atem\u00fcbungen in Grafenwald Gr\u00f6\u00dfere Kartenansicht Freitags: (in der Sporthalle der Berufsschule Bottrop) 18:00Uhr &#8211; 20:00Uhr\u00a0Taekwondo in Bottrop 18:00Uhr &#8211; 20:00Uhr\u00a0Bujinkan Budo Taijutsu\u00a0in &hellip; <a href=\"https:\/\/www.vfl-grafenwald.de\/?page_id=44\">Weiterlesen <span class=\"meta-nav\">&rarr;<\/span><\/a><\/p>\n","protected":false},"author":1,"featured_media":0,"parent":14,"menu_order":0,"comment_status":"closed","ping_status":"open","template":"","meta":{"footnotes":""},"class_list":["post-44","page","type-page","status-publish","hentry"],"_links":{"self":[{"href":"https:\/\/www.vfl-grafenwald.de\/index.php?rest_route=\/wp\/v2\/pages\/44","targetHints":{"allow":["GET"]}}],"collection":[{"href":"https:\/\/www.vfl-grafenwald.de\/index.php?rest_route=\/wp\/v2\/pages"}],"about":[{"href":"https:\/\/www.vfl-grafenwald.de\/index.php?rest_route=\/wp\/v2\/types\/page"}],"author":[{"embeddable":true,"href":"https:\/\/www.vfl-grafenwald.de\/index.php?rest_route=\/wp\/v2\/users\/1"}],"replies":[{"embeddable":true,"href":"https:\/\/www.vfl-grafenwald.de\/index.php?rest_route=%2Fwp%2Fv2%2Fcomments&post=44"}],"version-history":[{"count":17,"href":"https:\/\/www.vfl-grafenwald.de\/index.php?rest_route=\/wp\/v2\/pages\/44\/revisions"}],"predecessor-version":[{"id":2096,"href":"https:\/\/www.vfl-grafenwald.de\/index.php?rest_route=\/wp\/v2\/pages\/44\/revisions\/2096"}],"up":[{"embeddable":true,"href":"https:\/\/www.vfl-grafenwald.de\/index.php?rest_route=\/wp\/v2\/pages\/14"}],"wp:attachment":[{"href":"https:\/\/www.vfl-grafenwald.de\/index.php?rest_route=%2Fwp%2Fv2%2Fmedia&parent=44"}],"curies":[{"name":"wp","href":"https:\/\/api.w.org\/{rel}","templated":true}]}}