{"id":2522,"date":"2022-02-03T15:37:00","date_gmt":"2022-02-03T14:37:00","guid":{"rendered":"https:\/\/www.vfl-grafenwald.de\/?page_id=2522"},"modified":"2022-02-03T18:32:40","modified_gmt":"2022-02-03T17:32:40","slug":"step-aerobic","status":"publish","type":"page","link":"https:\/\/www.vfl-grafenwald.de\/?page_id=2522","title":{"rendered":"Step-Aerobic"},"content":{"rendered":"\n<div class=\"wp-block-columns is-layout-flex wp-container-core-columns-is-layout-9d6595d7 wp-block-columns-is-layout-flex\">\n<div class=\"wp-block-column is-layout-flow wp-block-column-is-layout-flow\" style=\"flex-basis:66.66%\">\n<p>In der Step-Aerobic Gruppe erwartet euch ein t\u00e4nzerischer Fitnesstrend. Die Sportart ist f\u00fcr jedes Fitnesslevel geeignet und sorgt schnell f\u00fcr sichtbare Erfolge. Mit stimmungsvoller Musik trainieren wir gemeinsam K\u00f6rper und Kreislauf und lassen die Pfunde purzeln.&nbsp;<\/p>\n\n\n\n<p>Wer teilnehmen m\u00f6chte, muss nur noch zur vereinbarten Zeit erscheinen und ein \u201eL\u00e4cheln\u201c mitbringen.<\/p>\n\n\n\n<p><strong><span style=\"color:#a30003\" class=\"has-inline-color\"><strong>Ort:  <\/strong><\/span><\/strong><\/p>\n\n\n\n<p><strong><span style=\"color:#a30003\" class=\"has-inline-color\"><strong>Sporthalle der Grundschule Grafenwald, Sch<\/strong><\/span><\/strong><span class=\"has-inline-color\"><strong><strong><font color=\"#a30023\">neiderstr.  &#8211; mit <span style=\"caret-color: rgb(163, 0, 35);\">Ausnahme<\/span> der Schulferien &#8211;<\/font><\/strong><\/strong><\/span><\/p>\n\n\n\n<p><strong><span style=\"color:#a30003\" class=\"has-inline-color\">donnerstags von 19 bis 20 Uhr<\/span><\/strong><\/p>\n<\/div>\n\n\n\n<div class=\"wp-block-column is-layout-flow wp-block-column-is-layout-flow\" style=\"flex-basis:33.33%\">\n<h2 class=\"has-text-align-right wp-block-heading\">Leitung<\/h2>\n\n\n\n<p class=\"has-text-align-right\">Saskia Luerweg<\/p>\n\n\n\n<p class=\"has-text-align-right\">Kontakt: <a href=\"mailto:sassil@me.com\">sassil@me.com<\/a><\/p>\n<\/div>\n<\/div>\n\n\n\n<p><\/p>\n","protected":false},"excerpt":{"rendered":"<p>In der Step-Aerobic Gruppe erwartet euch ein t\u00e4nzerischer Fitnesstrend. Die Sportart ist f\u00fcr jedes Fitnesslevel geeignet und sorgt schnell f\u00fcr sichtbare Erfolge. Mit stimmungsvoller Musik trainieren wir gemeinsam K\u00f6rper und Kreislauf und lassen die Pfunde purzeln.&nbsp; Wer teilnehmen m\u00f6chte, muss &hellip; <a href=\"https:\/\/www.vfl-grafenwald.de\/?page_id=2522\">Weiterlesen <span class=\"meta-nav\">&rarr;<\/span><\/a><\/p>\n","protected":false},"author":7,"featured_media":0,"parent":69,"menu_order":0,"comment_status":"closed","ping_status":"closed","template":"","meta":{"footnotes":""},"class_list":["post-2522","page","type-page","status-publish","hentry"],"_links":{"self":[{"href":"https:\/\/www.vfl-grafenwald.de\/index.php?rest_route=\/wp\/v2\/pages\/2522","targetHints":{"allow":["GET"]}}],"collection":[{"href":"https:\/\/www.vfl-grafenwald.de\/index.php?rest_route=\/wp\/v2\/pages"}],"about":[{"href":"https:\/\/www.vfl-grafenwald.de\/index.php?rest_route=\/wp\/v2\/types\/page"}],"author":[{"embeddable":true,"href":"https:\/\/www.vfl-grafenwald.de\/index.php?rest_route=\/wp\/v2\/users\/7"}],"replies":[{"embeddable":true,"href":"https:\/\/www.vfl-grafenwald.de\/index.php?rest_route=%2Fwp%2Fv2%2Fcomments&post=2522"}],"version-history":[{"count":5,"href":"https:\/\/www.vfl-grafenwald.de\/index.php?rest_route=\/wp\/v2\/pages\/2522\/revisions"}],"predecessor-version":[{"id":2738,"href":"https:\/\/www.vfl-grafenwald.de\/index.php?rest_route=\/wp\/v2\/pages\/2522\/revisions\/2738"}],"up":[{"embeddable":true,"href":"https:\/\/www.vfl-grafenwald.de\/index.php?rest_route=\/wp\/v2\/pages\/69"}],"wp:attachment":[{"href":"https:\/\/www.vfl-grafenwald.de\/index.php?rest_route=%2Fwp%2Fv2%2Fmedia&parent=2522"}],"curies":[{"name":"wp","href":"https:\/\/api.w.org\/{rel}","templated":true}]}}