{"id":2519,"date":"2021-10-31T17:41:38","date_gmt":"2021-10-31T16:41:38","guid":{"rendered":"https:\/\/www.vfl-grafenwald.de\/?page_id=2519"},"modified":"2025-01-24T12:33:39","modified_gmt":"2025-01-24T11:33:39","slug":"eltern-kind-turnen-1-bis-3-jahre","status":"publish","type":"page","link":"https:\/\/www.vfl-grafenwald.de\/?page_id=2519","title":{"rendered":"Eltern-Kind-Turnen (1 bis 3 Jahre)"},"content":{"rendered":"\n<div class=\"wp-block-columns is-layout-flex wp-container-core-columns-is-layout-9d6595d7 wp-block-columns-is-layout-flex\">\n<div class=\"wp-block-column is-layout-flow wp-block-column-is-layout-flow\" style=\"flex-basis:66.66%\">\n<p>Kinder brauchen Bewegung, und je fr\u00fcher sie damit anfangen, desto besser ist es f\u00fcr ihre Entwicklung und ihre Gesundheit.<\/p>\n\n\n\n<p>Mit dem Eltern-Kind-Turnen wird auch&nbsp;ein guter Grundstein f\u00fcr alle weiteren Sportarten gelegt.<\/p>\n\n\n\n<p>Nach dem Aufw\u00e4rmen durch ein Bewegungsspiel wird die Turnhalle zu einem spielerischen Erlebnisparcours f\u00fcr die Kleinen. Es&nbsp;werden die motorischen Grundlagen&nbsp;durch Balancieren, Springen, Klettern etc. erlernt und&nbsp;gefestigt. Aber&nbsp;auch die sozialen F\u00e4higkeiten werden durch das gemeinsamen Spielen mit Gleichaltrigen gef\u00f6rdert, da sie lernen&nbsp;nachzugeben, zu kooperieren oder auch auf andere acht zu geben.&nbsp;\u00c4ngste und Hemmungen werden spielerisch abgebaut&nbsp;und es kann ohne Zwang der&nbsp;eigene&nbsp;Mut und das Selbstvertrauen entdeckt und entwickelt werden.<\/p>\n\n\n\n<p>Jede Woche wird eine andere Bewegungsstation aufgebaut, sodass es immer spannend bleibt.<\/p>\n\n\n\n<p>Die Kinder sowie die Eltern kommen in bequemer Kleidung und&nbsp;mit&nbsp;hallentauglichen Turnschuhen oder Schl\u00e4ppchen bzw.&nbsp;Antirutschsocken oder auch gerne barfu\u00df.<\/p>\n\n\n\n<p>Das Eltern-Kind-Turnen&nbsp;ist ein Angebot f\u00fcr Kinder im Alter von<strong> 10&nbsp;Monaten bis 3,5 Jahren <\/strong>zusammen&nbsp;mit<strong>&nbsp;<\/strong>einem&nbsp;Elternteil.<\/p>\n\n\n\n<p><strong>Beispiel f\u00fcr einen Erlebnisparcour<\/strong><\/p>\n\n\n\n<figure class=\"wp-block-image size-large\"><a href=\"https:\/\/www.vfl-grafenwald.de\/wp-content\/uploads\/2025\/01\/Erlebnisparcour_2-scaled.jpg\"><img loading=\"lazy\" decoding=\"async\" width=\"1024\" height=\"576\" src=\"https:\/\/www.vfl-grafenwald.de\/wp-content\/uploads\/2025\/01\/Erlebnisparcour_2-1024x576.jpg\" alt=\"\" class=\"wp-image-3309\" srcset=\"https:\/\/www.vfl-grafenwald.de\/wp-content\/uploads\/2025\/01\/Erlebnisparcour_2-1024x576.jpg 1024w, https:\/\/www.vfl-grafenwald.de\/wp-content\/uploads\/2025\/01\/Erlebnisparcour_2-300x169.jpg 300w, https:\/\/www.vfl-grafenwald.de\/wp-content\/uploads\/2025\/01\/Erlebnisparcour_2-768x432.jpg 768w, https:\/\/www.vfl-grafenwald.de\/wp-content\/uploads\/2025\/01\/Erlebnisparcour_2-1536x864.jpg 1536w, https:\/\/www.vfl-grafenwald.de\/wp-content\/uploads\/2025\/01\/Erlebnisparcour_2-2048x1152.jpg 2048w, https:\/\/www.vfl-grafenwald.de\/wp-content\/uploads\/2025\/01\/Erlebnisparcour_2-500x281.jpg 500w\" sizes=\"auto, (max-width: 1024px) 100vw, 1024px\" \/><\/a><\/figure>\n\n\n\n<figure class=\"wp-block-image size-large\"><a href=\"https:\/\/www.vfl-grafenwald.de\/wp-content\/uploads\/2025\/01\/Erlebnisparcour_1-scaled.jpg\"><img loading=\"lazy\" decoding=\"async\" width=\"1024\" height=\"576\" src=\"https:\/\/www.vfl-grafenwald.de\/wp-content\/uploads\/2025\/01\/Erlebnisparcour_1-1024x576.jpg\" alt=\"\" class=\"wp-image-3308\" srcset=\"https:\/\/www.vfl-grafenwald.de\/wp-content\/uploads\/2025\/01\/Erlebnisparcour_1-1024x576.jpg 1024w, https:\/\/www.vfl-grafenwald.de\/wp-content\/uploads\/2025\/01\/Erlebnisparcour_1-300x169.jpg 300w, https:\/\/www.vfl-grafenwald.de\/wp-content\/uploads\/2025\/01\/Erlebnisparcour_1-768x432.jpg 768w, https:\/\/www.vfl-grafenwald.de\/wp-content\/uploads\/2025\/01\/Erlebnisparcour_1-1536x864.jpg 1536w, https:\/\/www.vfl-grafenwald.de\/wp-content\/uploads\/2025\/01\/Erlebnisparcour_1-2048x1152.jpg 2048w, https:\/\/www.vfl-grafenwald.de\/wp-content\/uploads\/2025\/01\/Erlebnisparcour_1-500x281.jpg 500w\" sizes=\"auto, (max-width: 1024px) 100vw, 1024px\" \/><\/a><\/figure>\n<\/div>\n\n\n\n<div class=\"wp-block-column is-layout-flow wp-block-column-is-layout-flow\" style=\"flex-basis:33.33%\">\n<h2 class=\"wp-block-heading has-text-align-right\">Leitung<\/h2>\n\n\n\n<p class=\"has-text-align-right\">Barbara Protzek<\/p>\n\n\n\n<p class=\"has-text-align-right\">WhatsApp   0177 7818740 <\/p>\n<\/div>\n<\/div>\n\n\n\n<p><strong><span style=\"color:#a30003\" class=\"has-inline-color\"><strong>Ort:  <\/strong><\/span><\/strong><\/p>\n\n\n\n<p><strong><span style=\"color:#a30003\" class=\"has-inline-color\"><strong>Sporthalle der Grundschule Grafenwald, Sch<\/strong><\/span><\/strong><span class=\"has-inline-color\"><strong><strong><font color=\"#a30023\">neiderstr.  &#8211; mit <span style=\"caret-color: rgb(163, 0, 35);\">Ausnahme<\/span> der Schulferien &#8211;<\/font><\/strong><\/strong><\/span><\/p>\n\n\n\n<ul class=\"wp-block-list\">\n<li><span style=\"background-color:rgba(0, 0, 0, 0);color:#a30003\" class=\"has-inline-color\"><strong>montags von 16 bis 17 Uhr    und    17 bis 18 Uhr<\/strong><\/span><\/li>\n<\/ul>\n\n\n\n<ul class=\"wp-block-list\">\n<li><span style=\"background-color:rgba(0, 0, 0, 0);color:#a30003\" class=\"has-inline-color\"><strong>donnerstags von 16 Uhr bis 17 Uhr<\/strong>.<\/span><span style=\"background-color:rgba(0, 0, 0, 0);color:#a30003\" class=\"has-inline-color\"><\/span><\/li>\n<\/ul>\n\n\n\n<p><strong>Aufgrund der hohen Nachfrage erfolgt die Platzvergabe \u00fcber eine Warteliste.&nbsp;<\/strong><\/p>\n\n\n\n<p>Bei Interesse wenden Sie sich bitte an Barbara Protzek.<\/p>\n","protected":false},"excerpt":{"rendered":"<p>Kinder brauchen Bewegung, und je fr\u00fcher sie damit anfangen, desto besser ist es f\u00fcr ihre Entwicklung und ihre Gesundheit. Mit dem Eltern-Kind-Turnen wird auch&nbsp;ein guter Grundstein f\u00fcr alle weiteren Sportarten gelegt. Nach dem Aufw\u00e4rmen durch ein Bewegungsspiel wird die Turnhalle &hellip; <a href=\"https:\/\/www.vfl-grafenwald.de\/?page_id=2519\">Weiterlesen <span class=\"meta-nav\">&rarr;<\/span><\/a><\/p>\n","protected":false},"author":7,"featured_media":0,"parent":69,"menu_order":0,"comment_status":"closed","ping_status":"closed","template":"","meta":{"footnotes":""},"class_list":["post-2519","page","type-page","status-publish","hentry"],"_links":{"self":[{"href":"https:\/\/www.vfl-grafenwald.de\/index.php?rest_route=\/wp\/v2\/pages\/2519","targetHints":{"allow":["GET"]}}],"collection":[{"href":"https:\/\/www.vfl-grafenwald.de\/index.php?rest_route=\/wp\/v2\/pages"}],"about":[{"href":"https:\/\/www.vfl-grafenwald.de\/index.php?rest_route=\/wp\/v2\/types\/page"}],"author":[{"embeddable":true,"href":"https:\/\/www.vfl-grafenwald.de\/index.php?rest_route=\/wp\/v2\/users\/7"}],"replies":[{"embeddable":true,"href":"https:\/\/www.vfl-grafenwald.de\/index.php?rest_route=%2Fwp%2Fv2%2Fcomments&post=2519"}],"version-history":[{"count":12,"href":"https:\/\/www.vfl-grafenwald.de\/index.php?rest_route=\/wp\/v2\/pages\/2519\/revisions"}],"predecessor-version":[{"id":3315,"href":"https:\/\/www.vfl-grafenwald.de\/index.php?rest_route=\/wp\/v2\/pages\/2519\/revisions\/3315"}],"up":[{"embeddable":true,"href":"https:\/\/www.vfl-grafenwald.de\/index.php?rest_route=\/wp\/v2\/pages\/69"}],"wp:attachment":[{"href":"https:\/\/www.vfl-grafenwald.de\/index.php?rest_route=%2Fwp%2Fv2%2Fmedia&parent=2519"}],"curies":[{"name":"wp","href":"https:\/\/api.w.org\/{rel}","templated":true}]}}