{"id":19,"date":"2011-10-19T08:50:30","date_gmt":"2011-10-19T08:50:30","guid":{"rendered":"http:\/\/blog.vfl-grafenwald.de\/?page_id=19"},"modified":"2017-02-01T17:11:14","modified_gmt":"2017-02-01T16:11:14","slug":"impressum","status":"publish","type":"page","link":"https:\/\/www.vfl-grafenwald.de\/?page_id=19","title":{"rendered":"Impressum"},"content":{"rendered":"<table border=\"0\" width=\"90%\" cellspacing=\"3\" cellpadding=\"2\">\n<tbody>\n<tr>\n<td width=\"35%\">\n<p align=\"left\"><strong>\u00b7 Pr\u00e4sident\u00a0<\/strong><br \/>\n<a href=\"mailto:peter.scheidgen@t-online.de\"><u><span style=\"color: #0066cc;\">Dr. Peter Scheidgen<\/span><\/u><\/a><br \/>\nVossundern 22<br \/>\n46244 Bottrop<br \/>\nTel.: 0 20 45 \/ 8 53 14<\/p>\n<p align=\"left\"><strong>\u00b7 Vizepr\u00e4sident\u00a0<\/strong><br \/>\n<a href=\"mailto:vorstand@vfl-grafenwald-tennis.de\">Ralf Scholz<\/a><br \/>\nScharnh\u00f6lzfeld 37<br \/>\n46238 Bottrop<br \/>\nTel.: 0 20 41 \/ 7 65 77 70<\/p>\n<p align=\"left\"><strong>\u00b7 Webmaster<\/strong><br \/>\n<a href=\"mailto:webmaster@vfl-grafenwald.de\">Robert Macioszek<\/a><br \/>\nGladbecker Str. 104<br \/>\n46236 Bottrop<br \/>\nTel.: 0 20 41 \/ 6 06 46<\/p>\n<\/td>\n<td width=\"65%\">\n<p align=\"justify\"><strong>Vereinsregister-Nr: 14168<br \/>\nVereins-Kennziffer: 300 10 51<\/strong><\/p>\n<p>Alle weiterf\u00fchrenden Links wurden bei Verlinkung sorgf\u00e4ltig gepr\u00fcft!<\/td>\n<\/tr>\n<\/tbody>\n<\/table>\n","protected":false},"excerpt":{"rendered":"<p>\u00b7 Pr\u00e4sident\u00a0 Dr. Peter Scheidgen Vossundern 22 46244 Bottrop Tel.: 0 20 45 \/ 8 53 14 \u00b7 Vizepr\u00e4sident\u00a0 Ralf Scholz Scharnh\u00f6lzfeld 37 46238 Bottrop Tel.: 0 20 41 \/ 7 65 77 70 \u00b7 Webmaster Robert Macioszek Gladbecker Str. &hellip; <a href=\"https:\/\/www.vfl-grafenwald.de\/?page_id=19\">Weiterlesen <span class=\"meta-nav\">&rarr;<\/span><\/a><\/p>\n","protected":false},"author":1,"featured_media":0,"parent":0,"menu_order":10,"comment_status":"closed","ping_status":"open","template":"","meta":{"footnotes":""},"class_list":["post-19","page","type-page","status-publish","hentry"],"_links":{"self":[{"href":"https:\/\/www.vfl-grafenwald.de\/index.php?rest_route=\/wp\/v2\/pages\/19","targetHints":{"allow":["GET"]}}],"collection":[{"href":"https:\/\/www.vfl-grafenwald.de\/index.php?rest_route=\/wp\/v2\/pages"}],"about":[{"href":"https:\/\/www.vfl-grafenwald.de\/index.php?rest_route=\/wp\/v2\/types\/page"}],"author":[{"embeddable":true,"href":"https:\/\/www.vfl-grafenwald.de\/index.php?rest_route=\/wp\/v2\/users\/1"}],"replies":[{"embeddable":true,"href":"https:\/\/www.vfl-grafenwald.de\/index.php?rest_route=%2Fwp%2Fv2%2Fcomments&post=19"}],"version-history":[{"count":10,"href":"https:\/\/www.vfl-grafenwald.de\/index.php?rest_route=\/wp\/v2\/pages\/19\/revisions"}],"predecessor-version":[{"id":1584,"href":"https:\/\/www.vfl-grafenwald.de\/index.php?rest_route=\/wp\/v2\/pages\/19\/revisions\/1584"}],"wp:attachment":[{"href":"https:\/\/www.vfl-grafenwald.de\/index.php?rest_route=%2Fwp%2Fv2%2Fmedia&parent=19"}],"curies":[{"name":"wp","href":"https:\/\/api.w.org\/{rel}","templated":true}]}}