{"id":1841,"date":"2018-05-19T11:50:28","date_gmt":"2018-05-19T09:50:28","guid":{"rendered":"http:\/\/www.vfl-grafenwald.de\/?page_id=1841"},"modified":"2018-05-19T11:55:03","modified_gmt":"2018-05-19T09:55:03","slug":"datenschutz","status":"publish","type":"page","link":"https:\/\/www.vfl-grafenwald.de\/?page_id=1841","title":{"rendered":"Datenschutz"},"content":{"rendered":"<p><strong>Datenschutzerkl\u00e4rung des VfL Grafenwald 28\/68 e.V.<\/strong><\/p>\n<p>Wir, der VfL Grafenwald 28\/68 e.V. freuen uns \u00fcber Ihren Besuch unserer Website. Daten\u00adschutz und Datensicherheit f\u00fcr unsere Nutzer haben wir uns eine hohe Priorit\u00e4t. Der Schutz Ihrer pers\u00f6nlichen Daten ist uns ein besonders wichtiges Anliegen. Diese Datenschutzerkl\u00e4\u00adrung erl\u00e4utert, welche Informationen wir w\u00e4hrend Ihres Besuchs auf unserer Website erfassen und wie diese genutzt werden.<\/p>\n<p><strong>Vereinsregister-Nr: 14168<br \/>\n<\/strong><strong>Vereins-Kennziffer: 3001051<\/strong><\/p>\n<p><strong>Rechtliche Grundlage und Zweck der Erhebung und Nutzung personenbezogener Daten<\/strong><\/p>\n<p>Personenbezogene Daten sind Einzelangaben \u00fcber pers\u00f6nliche oder sachliche Verh\u00e4ltnisse einer bestimmten oder bestimmbaren nat\u00fcrlichen Person, die geeignet sind, diese zu identifi\u00adzieren.<\/p>\n<p>Rechtliche Grundlage f\u00fcr unseren Umgang mit personenbezogenen Daten ist die Daten\u00adschutzgrundverordnung (DSGVO, ab 25.05.2018) sowie das Bundesdatenschutzgesetz (BDSG). Demgem\u00e4\u00df nehmen wir die Erhebung, Verarbeitung und Nutzung personen-bezogener Daten ausschlie\u00dflich f\u00fcr eigene Zwecke vor und erheben Daten nur f\u00fcr den Zweck, f\u00fcr den sie auch genutzt werden. Wir verpflichten uns, die erhobenen Daten nur als Mittel zur Erf\u00fcllung eigener Gesch\u00e4ftszwecke und satzungsgem\u00e4\u00dfer Aufgaben zu verwenden.<\/p>\n<p>Wir weisen Sie darauf hin, dass Sie mit Ihrer Nutzung unserer Webseiten Ihr Einverst\u00e4ndnis f\u00fcr die Erhebung, Verarbeitung und Nutzung Ihrer personenbezogenen Daten im Rahmen der Zweckbestimmungen des VfL Grafenwald 28\/68 e.V. erkl\u00e4ren.<\/p>\n<p><strong>Ihre Rechte auf Auskunft, Berichtigung, L\u00f6schung, Sperrung und \u00dcbertragbarkeit per\u00adsonenbezogener Daten<\/strong><\/p>\n<p>Sie haben das Recht,<\/p>\n<p>&#8211; jederzeit auf Anfrage formlos und unentgeltlich Auskunft \u00fcber Ihre gespeicherten personen\u00adbezogenen Daten zu erhalten- die Berichtigung unrichtiger Daten zu verlangen &#8211; Ihre Daten l\u00f6schen zu lassen &#8211; die Verarbeitung Ihrer Daten einschr\u00e4nken zu lassen- jederzeit gegen die Verarbeitung Ihrer Daten Widerspruch einzulegen &#8211; Ihr Einverst\u00e4ndnis zur Erhebung, Verar\u00adbeitung und Nutzung Ihrer personenbezogenen Daten per Email unter (geschaeftsstelle@vfl-grafenwald.de) oder in anderer schriftlicher Form zu widerrufen, ohne dass die Rechtm\u00e4\u00dfigkeit des aufgrund Ihres Einverst\u00e4ndnisses bis zum Widerruf erfolgten Verarbeitung Ihrer Daten hierdurch ber\u00fchrt wird.<\/p>\n<p>&#8211; Ihre Daten an einen anderen Verantwortlichen zu \u00fcbermitteln bzw. &#8211; soweit dies technisch machbar ist, von uns \u00fcbermitteln zu lassen \u2013 auf Beschwerde bei einer Aufsichtsbeh\u00f6rde.<\/p>\n<p>Bei Vorliegen der gesetzlichen Voraussetzungen werden die Daten dann umgehend gel\u00f6scht bzw. gesperrt.<\/p>\n<p><strong>Speicherung von Zugriffsdaten<\/strong><\/p>\n<p>Bei jedem Zugriff auf unseren Webseiten werden Zugriffsdaten in einer Protokolldatei auf dem Server unseres Providers gespeichert. Dieser Datensatz besteht aus Ihrer IP-Adresse, Datum und Uhrzeit der Anforderung, dem Namen der angeforderten Datei, dem Dateinamen, von der aus die Datei angefordert wurde, der \u00fcbertragenen Datenmenge und dem Zugriffsstatus, einer Beschreibung des verwendeten Webbrowsers und Betriebssystems sowie dem Namen Ihres Internet Service Providers. Diese Daten werden aus technischen Gr\u00fcnden erhoben. Eine Aus\u00adwertung findet ausschlie\u00dflich zu statistischen Zwecken und ohne Personenbezug statt.<\/p>\n<p><strong>Cookies<\/strong><\/p>\n<p>Wir speichern auf Ihrer Festplatte Cookies. Diese enthalten eine eindeutige Nummer, die au\u00ad\u00dferhalb unserer Website keine Bedeutung hat. Die Cookies werden nach dem Ende Ihres Besuchs automatisch gel\u00f6scht. Die Cookies werden ben\u00f6tigt, um Ihnen bestimmte Leistungen und Angebote uneingeschr\u00e4nkt zur Verf\u00fcgung zu stellen &#8211; zum Beispiel, um Sie nach erfolg\u00adreicher Anmeldung in einem gesch\u00fctzten Bereich f\u00fcr die gesamte Dauer Ihres Besuches zu identifizieren und autorisieren. Sie haben das Recht und die M\u00f6glichkeit, Ihren Browser so einzurichten, dass er unsere Cookies ablehnt. In diesem Fall kann allerdings der Funktions\u00adum\u00adfang unseres Internetangebots eingeschr\u00e4nkt sein.<\/p>\n<p><strong>Facebook Gef\u00e4llt-mir-Button<\/strong><\/p>\n<p>Auf unseren Webseiten sind Plugins des sozialen Netzwerks Facebook eingebunden (Face\u00adbook Ireland Limited, Hanover Reach, 5-7 Hanover Quay, Dublin 2 Ireland). Die Plugins er\u00adkennen Sie an dem Facebook-Logo. Wenn Sie eine unserer Seiten besuchen, die ein solches Plugin enth\u00e4lt, baut Ihr Browser eine direkte Verbindung mit den Servern von Facebook auf. Facebook erh\u00e4lt dadurch die Information, dass Sie mit Ihrer IP-Adresse unsere Seite besucht haben. Wenn Sie bei Facebook eingeloggt sind, kann Facebook den Besuch Ihrem Facebook-Konto zuordnen. Wenn Sie mit den Plugins interagieren, zum Beispiel auf den &#8222;Gef\u00e4llt mir&#8220;-Button klicken oder einen Kommentar abgeben, wird die entsprechende Information von Ihrem Browser direkt an Facebook \u00fcbermittelt und dort gespeichert. Da diese \u00dcbertragung direkt verl\u00e4uft, erhalten wir keine Kenntnis von den \u00fcbermittelten Daten. Informationen zu Zweck und Umfang der Datenerhebung durch Facebook, die weitere Verarbeitung und Nutzung der Daten durch Facebook sowie Ihre diesbez\u00fcglichen Rechte und Einstellungsm\u00f6glichkeiten zum Schutz Ihrer Privatsph\u00e4re entnehmen Sie bitte den Datenschutzhinweisen von Facebook unter<br \/>\n<a href=\"http:\/\/de-de.facebook.com\/privacy\/explanation.php\">http:\/\/de-de.facebook.com\/privacy\/explanation.php<\/a>.<\/p>\n<p><strong>Links zu anderen Websites <\/strong><\/p>\n<p>Die Webseiten des VfL Grafenwald enthalten Links zu anderen Websites. Der Verein VfL Grafenwald 28\/68 e.V. ist f\u00fcr die Datenschutz-Policies oder den Inhalt dieser anderen Websites nicht verantwortlich.<\/p>\n<p>&nbsp;<\/p>\n","protected":false},"excerpt":{"rendered":"<p>Datenschutzerkl\u00e4rung des VfL Grafenwald 28\/68 e.V. Wir, der VfL Grafenwald 28\/68 e.V. freuen uns \u00fcber Ihren Besuch unserer Website. Daten\u00adschutz und Datensicherheit f\u00fcr unsere Nutzer haben wir uns eine hohe Priorit\u00e4t. Der Schutz Ihrer pers\u00f6nlichen Daten ist uns ein besonders &hellip; <a href=\"https:\/\/www.vfl-grafenwald.de\/?page_id=1841\">Weiterlesen <span class=\"meta-nav\">&rarr;<\/span><\/a><\/p>\n","protected":false},"author":1,"featured_media":0,"parent":0,"menu_order":0,"comment_status":"closed","ping_status":"closed","template":"","meta":{"footnotes":""},"class_list":["post-1841","page","type-page","status-publish","hentry"],"_links":{"self":[{"href":"https:\/\/www.vfl-grafenwald.de\/index.php?rest_route=\/wp\/v2\/pages\/1841","targetHints":{"allow":["GET"]}}],"collection":[{"href":"https:\/\/www.vfl-grafenwald.de\/index.php?rest_route=\/wp\/v2\/pages"}],"about":[{"href":"https:\/\/www.vfl-grafenwald.de\/index.php?rest_route=\/wp\/v2\/types\/page"}],"author":[{"embeddable":true,"href":"https:\/\/www.vfl-grafenwald.de\/index.php?rest_route=\/wp\/v2\/users\/1"}],"replies":[{"embeddable":true,"href":"https:\/\/www.vfl-grafenwald.de\/index.php?rest_route=%2Fwp%2Fv2%2Fcomments&post=1841"}],"version-history":[{"count":3,"href":"https:\/\/www.vfl-grafenwald.de\/index.php?rest_route=\/wp\/v2\/pages\/1841\/revisions"}],"predecessor-version":[{"id":1845,"href":"https:\/\/www.vfl-grafenwald.de\/index.php?rest_route=\/wp\/v2\/pages\/1841\/revisions\/1845"}],"wp:attachment":[{"href":"https:\/\/www.vfl-grafenwald.de\/index.php?rest_route=%2Fwp%2Fv2%2Fmedia&parent=1841"}],"curies":[{"name":"wp","href":"https:\/\/api.w.org\/{rel}","templated":true}]}}