{"id":16,"date":"2011-10-19T08:49:18","date_gmt":"2011-10-19T08:49:18","guid":{"rendered":"http:\/\/blog.vfl-grafenwald.de\/?page_id=16"},"modified":"2012-11-08T12:58:14","modified_gmt":"2012-11-08T11:58:14","slug":"tennis","status":"publish","type":"page","link":"https:\/\/www.vfl-grafenwald.de\/?page_id=16","title":{"rendered":"Tennis"},"content":{"rendered":"<p>1974 gegr\u00fcndet, entwickelte sie sich st\u00e4ndig weiter. \u00dcber die Gr\u00fcndungphase mit drei Aschepl\u00e4tzen und einem Trainingsplatz und Umkleider\u00e4ume im Eisenbahnwaggon hinaus, z\u00e4hlt sie heute mit 8 Aschepl\u00e4tzen und bewirtschaftetem Klubhaus zu einer der gr\u00f6\u00dften und sch\u00f6nsten Tennis-Sportanlagen in Bottrop. Bereits zweimal konnten die Bottroper Tennis-Stadtmeisterschaften ausgerichtet werden. Mehrfache Stadtmeister im Jugend- und Erwachsenenbereich kamen aus den Reihen ihrer Mitglieder.<\/p>\n","protected":false},"excerpt":{"rendered":"<p>1974 gegr\u00fcndet, entwickelte sie sich st\u00e4ndig weiter. \u00dcber die Gr\u00fcndungphase mit drei Aschepl\u00e4tzen und einem Trainingsplatz und Umkleider\u00e4ume im Eisenbahnwaggon hinaus, z\u00e4hlt sie heute mit 8 Aschepl\u00e4tzen und bewirtschaftetem Klubhaus zu einer der gr\u00f6\u00dften und sch\u00f6nsten Tennis-Sportanlagen in Bottrop. Bereits &hellip; <a href=\"https:\/\/www.vfl-grafenwald.de\/?page_id=16\">Weiterlesen <span class=\"meta-nav\">&rarr;<\/span><\/a><\/p>\n","protected":false},"author":1,"featured_media":0,"parent":0,"menu_order":0,"comment_status":"closed","ping_status":"open","template":"","meta":{"footnotes":""},"class_list":["post-16","page","type-page","status-publish","hentry"],"_links":{"self":[{"href":"https:\/\/www.vfl-grafenwald.de\/index.php?rest_route=\/wp\/v2\/pages\/16","targetHints":{"allow":["GET"]}}],"collection":[{"href":"https:\/\/www.vfl-grafenwald.de\/index.php?rest_route=\/wp\/v2\/pages"}],"about":[{"href":"https:\/\/www.vfl-grafenwald.de\/index.php?rest_route=\/wp\/v2\/types\/page"}],"author":[{"embeddable":true,"href":"https:\/\/www.vfl-grafenwald.de\/index.php?rest_route=\/wp\/v2\/users\/1"}],"replies":[{"embeddable":true,"href":"https:\/\/www.vfl-grafenwald.de\/index.php?rest_route=%2Fwp%2Fv2%2Fcomments&post=16"}],"version-history":[{"count":4,"href":"https:\/\/www.vfl-grafenwald.de\/index.php?rest_route=\/wp\/v2\/pages\/16\/revisions"}],"predecessor-version":[{"id":498,"href":"https:\/\/www.vfl-grafenwald.de\/index.php?rest_route=\/wp\/v2\/pages\/16\/revisions\/498"}],"wp:attachment":[{"href":"https:\/\/www.vfl-grafenwald.de\/index.php?rest_route=%2Fwp%2Fv2%2Fmedia&parent=16"}],"curies":[{"name":"wp","href":"https:\/\/api.w.org\/{rel}","templated":true}]}}