{"id":14,"date":"2011-10-19T08:38:19","date_gmt":"2011-10-19T08:38:19","guid":{"rendered":"http:\/\/blog.vfl-grafenwald.de\/?page_id=14"},"modified":"2023-03-27T15:19:07","modified_gmt":"2023-03-27T13:19:07","slug":"kampfsport","status":"publish","type":"page","link":"https:\/\/www.vfl-grafenwald.de\/?page_id=14","title":{"rendered":"Kampfsport"},"content":{"rendered":"<ul>\n<li>Mitglied der World Taekwondo Federation (seit 1999)<\/li>\n<li>Gr\u00fcndungsmitglied des Traditionellen Deutschen Taekwondo Verbands (seit 2002)<\/li>\n<li>Mitglied im Kukkiwon\u00a0(seit 2002)<\/li>\n<li>Bujinkan Budo Taijutsu (seit 2014)<\/li>\n<\/ul>\n<p>Die j\u00fcngste Abteilung, 1999 gegr\u00fcndet, ist die kleinste unter den 5 Abteilungen des VfL. Sie befindet sich im stetigen Aufbau und m\u00f6chte sehr gerne weitere Interessenten f\u00fcr den Bereich der\u00a0Selbstverteidigung gewinnen. Die Inhalte des <strong>Tae Kwon Do<\/strong> Trainings befassen sich gleicherma\u00dfen mit der physischen und der psychischen Entwicklung. Neben den Schlag- und Tritt\u00fcbungen, Formenlauf, Selbstverteidigung und dem Bruchtest, geh\u00f6rt auch das Meditations- und Konzentrationstraining zum harmonischen Ablauf einer Trainingseinheit. Der Kampfsport ist geeignet f\u00fcr Jung und Alt, Anf\u00e4nger und Fortgeschrittene. Neben<strong> Hap Ki Do<\/strong> und <strong>Hosinsul<\/strong> steht\u00a0auch der Kampf mit dem Schwert (<strong>Gumdo<\/strong>) auf dem vielseitigen Programm. Seit Ende 2014 steht unter der Leitung von Joachim Walterfang auch das Bujinkan Budo Taijutsu auf dem Trainingsplan.<\/p>\n<p>Wenn Sie Interesse an einem kostenfreien Probetraining haben, schauen Sie doch einfach einmal vorbei. Trainiert wird:<\/p>\n<ul>\n<li>Freitags von 18-20 Uhr in der Sporthalle der Berufsschule Bottrop<\/li>\n<li>Samstags von 14-16 Uhr in der Turnhalle Grafenwald auf der Schneiderstra\u00dfe.<\/li>\n<\/ul>\n","protected":false},"excerpt":{"rendered":"<p>Mitglied der World Taekwondo Federation (seit 1999) Gr\u00fcndungsmitglied des Traditionellen Deutschen Taekwondo Verbands (seit 2002) Mitglied im Kukkiwon\u00a0(seit 2002) Bujinkan Budo Taijutsu (seit 2014) Die j\u00fcngste Abteilung, 1999 gegr\u00fcndet, ist die kleinste unter den 5 Abteilungen des VfL. Sie befindet &hellip; <a href=\"https:\/\/www.vfl-grafenwald.de\/?page_id=14\">Weiterlesen <span class=\"meta-nav\">&rarr;<\/span><\/a><\/p>\n","protected":false},"author":1,"featured_media":0,"parent":0,"menu_order":0,"comment_status":"closed","ping_status":"closed","template":"","meta":{"footnotes":""},"class_list":["post-14","page","type-page","status-publish","hentry"],"_links":{"self":[{"href":"https:\/\/www.vfl-grafenwald.de\/index.php?rest_route=\/wp\/v2\/pages\/14","targetHints":{"allow":["GET"]}}],"collection":[{"href":"https:\/\/www.vfl-grafenwald.de\/index.php?rest_route=\/wp\/v2\/pages"}],"about":[{"href":"https:\/\/www.vfl-grafenwald.de\/index.php?rest_route=\/wp\/v2\/types\/page"}],"author":[{"embeddable":true,"href":"https:\/\/www.vfl-grafenwald.de\/index.php?rest_route=\/wp\/v2\/users\/1"}],"replies":[{"embeddable":true,"href":"https:\/\/www.vfl-grafenwald.de\/index.php?rest_route=%2Fwp%2Fv2%2Fcomments&post=14"}],"version-history":[{"count":18,"href":"https:\/\/www.vfl-grafenwald.de\/index.php?rest_route=\/wp\/v2\/pages\/14\/revisions"}],"predecessor-version":[{"id":2947,"href":"https:\/\/www.vfl-grafenwald.de\/index.php?rest_route=\/wp\/v2\/pages\/14\/revisions\/2947"}],"wp:attachment":[{"href":"https:\/\/www.vfl-grafenwald.de\/index.php?rest_route=%2Fwp%2Fv2%2Fmedia&parent=14"}],"curies":[{"name":"wp","href":"https:\/\/api.w.org\/{rel}","templated":true}]}}